{"id":9,"date":"2026-04-20T10:40:23","date_gmt":"2026-04-20T10:40:23","guid":{"rendered":"https:\/\/codigomorse.app\/pt\/?page_id=9"},"modified":"2026-04-20T12:03:58","modified_gmt":"2026-04-20T12:03:58","slug":"tradutor-de-codigo-morse","status":"publish","type":"page","link":"https:\/\/codigomorse.app\/pt\/","title":{"rendered":"Tradutor de C\u00f3digo Morse: Traduzir, Ler e Aprender C\u00f3digo Morse"},"content":{"rendered":"<p><section class=\"mcm-tool\" data-mcm-translator>\r\n    <header class=\"mcm-header mcm-reveal mcm-reveal--1\">\r\n        <h2 class=\"mcm-title\">Tradutor de Codigo Morse<\/h2>\r\n        <p class=\"mcm-subtitle\">Digite texto ou codigo Morse. A conversao e instantanea e detecta automaticamente a direcao.<\/p>\r\n    <\/header>\r\n\r\n    <label class=\"mcm-field mcm-reveal mcm-reveal--2\">\r\n        <span class=\"mcm-label\">Entrada<\/span>\r\n        <textarea\r\n            class=\"mcm-textarea mcm-textarea--input\"\r\n            data-mcm-input\r\n            rows=\"8\"\r\n            spellcheck=\"false\"\r\n            placeholder=\"Digite aqui texto ou codigo Morse...\"\r\n        ><\/textarea>\r\n    <\/label>\r\n    <p class=\"mcm-help\">Dica Morse: um espaco separa letras; barra ou espaco duplo separam palavras.<\/p>\r\n\r\n    <div class=\"mcm-swap-wrap mcm-reveal mcm-reveal--3\">\r\n        <button type=\"button\" class=\"mcm-btn mcm-btn--swap\" data-mcm-swap>Trocar Texto e Morse<\/button>\r\n    <\/div>\r\n\r\n    <label class=\"mcm-field mcm-reveal mcm-reveal--4\">\r\n        <span class=\"mcm-label\">Saida<\/span>\r\n        <textarea\r\n            class=\"mcm-textarea mcm-textarea--output\"\r\n            data-mcm-output\r\n            rows=\"8\"\r\n            readonly\r\n            aria-readonly=\"true\"\r\n            placeholder=\"A saida aparece instantaneamente...\"\r\n        ><\/textarea>\r\n    <\/label>\r\n\r\n    <div class=\"mcm-actions mcm-reveal mcm-reveal--5\">\r\n        <button type=\"button\" class=\"mcm-btn\" data-mcm-copy>Copiar Saida<\/button>\r\n        <button type=\"button\" class=\"mcm-btn mcm-btn--ghost\" data-mcm-clear>Limpar<\/button>\r\n    <\/div>\r\n\r\n    <p class=\"mcm-status\" data-mcm-status role=\"status\" aria-live=\"polite\">Pronto para receber entrada.<\/p>\r\n    <p class=\"mcm-hint\" data-mcm-hint aria-live=\"polite\"><\/p>\r\n<\/section>\r\n.<\/p>\n\n\n\n<p>O <strong>tradutor de c\u00f3digo Morse<\/strong> \u00e9 uma ferramenta online simples e pr\u00e1tica que permite converter qualquer <strong>texto<\/strong> em <strong>c\u00f3digo Morse<\/strong> e tamb\u00e9m fazer o processo inverso. Com apenas alguns cliques, voc\u00ea pode transformar palavras, frases ou at\u00e9 mensagens completas em uma sequ\u00eancia de <strong>pontos e tra\u00e7os<\/strong>, ou decodificar sinais em texto leg\u00edvel.<\/p>\n\n\n\n<p>Essa ferramenta funciona diretamente no navegador, sem necessidade de instalar qualquer <strong>software<\/strong>, e \u00e9 compat\u00edvel com diferentes <strong>sistemas operacionais<\/strong> como Windows, Android, iOS ou Mac. Basta inserir o conte\u00fado no campo de entrada e a <strong>tradu\u00e7\u00e3o<\/strong> aparece automaticamente no campo de sa\u00edda.<\/p>\n\n\n\n<p>O c\u00f3digo Morse \u00e9 um m\u00e9todo de <strong>comunica\u00e7\u00e3o<\/strong> que utiliza sinais curtos (pontos) e longos (tra\u00e7os) para representar letras, n\u00fameros e s\u00edmbolos. Apesar de ser uma tecnologia antiga, ainda \u00e9 muito usada em \u00e1reas como avia\u00e7\u00e3o, marinha e por radioamadores, pois \u00e9 confi\u00e1vel e funciona mesmo com recursos simples.<\/p>\n\n\n\n<p>Com um <strong>tradutor de c\u00f3digo Morse<\/strong>, voc\u00ea pode:<\/p>\n\n\n\n<ul class=\"wp-block-list\">\n<li>Converter texto em c\u00f3digo Morse rapidamente<\/li>\n\n\n\n<li>Decodificar mensagens em Morse para texto<\/li>\n\n\n\n<li>Ouvir o <strong>\u00e1udio<\/strong> dos sinais (bipes)<\/li>\n\n\n\n<li>Copiar e compartilhar mensagens em redes sociais como WhatsApp ou Facebook<\/li>\n\n\n\n<li>Criar mensagens secretas ou aprender o alfabeto Morse<\/li>\n<\/ul>\n\n\n\n<h2 class=\"wp-block-heading\"><strong>Tradutor de C\u00f3digo Morse: Como Usar Passo a Passo<\/strong><\/h2>\n\n\n\n<p>Usar um <strong>tradutor de c\u00f3digo Morse<\/strong> \u00e9 muito f\u00e1cil e intuitivo. Siga o passo a passo abaixo para come\u00e7ar:<\/p>\n\n\n\n<h3 class=\"wp-block-heading\"><strong>1. Digite ou cole o conte\u00fado<\/strong><\/h3>\n\n\n\n<p>No campo de entrada, insira o <strong>texto<\/strong> que deseja converter ou cole o <strong>c\u00f3digo Morse<\/strong> (com pontos . e tra\u00e7os -). As palavras podem ser separadas por espa\u00e7os, \u201c\/\u201d ou \u201c|\u201d.<\/p>\n\n\n\n<h3 class=\"wp-block-heading\"><strong>2. Tradu\u00e7\u00e3o autom\u00e1tica<\/strong><\/h3>\n\n\n\n<p>Assim que voc\u00ea digitar, a <strong>tradu\u00e7\u00e3o<\/strong> aparecer\u00e1 automaticamente no campo correspondente \u2014 sem precisar clicar em bot\u00f5es. Isso torna o processo r\u00e1pido e eficiente.<\/p>\n\n\n\n<h3 class=\"wp-block-heading\"><strong>3. Ou\u00e7a o \u00e1udio<\/strong><\/h3>\n\n\n\n<p>Clique no bot\u00e3o <strong>Reproduzir<\/strong> para ouvir o som do c\u00f3digo Morse. Isso ajuda muito quem quer aprender os padr\u00f5es de <strong>pontos e tra\u00e7os<\/strong> na pr\u00e1tica.<\/p>\n\n\n\n<h3 class=\"wp-block-heading\"><strong>4. Copiar ou compartilhar<\/strong><\/h3>\n\n\n\n<p>Voc\u00ea pode usar o bot\u00e3o <strong>Copiar<\/strong> para salvar o resultado ou compartilh\u00e1-lo facilmente em plataformas como WhatsApp, Telegram ou outras redes sociais.<\/p>\n\n\n\n<h3 class=\"wp-block-heading\"><strong>5. Baixar o \u00e1udio (opcional)<\/strong><\/h3>\n\n\n\n<p>Alguns tradutores tamb\u00e9m permitem baixar o arquivo de <strong>\u00e1udio<\/strong> com os sinais Morse para usar offline.<\/p>\n\n\n\n<h2 class=\"wp-block-heading\"><strong>O que \u00e9 C\u00f3digo Morse?<\/strong><\/h2>\n\n\n\n<p>O <strong>c\u00f3digo Morse<\/strong> \u00e9 um sistema de <strong>comunica\u00e7\u00e3o<\/strong> que representa letras, n\u00fameros e sinais por meio de uma sequ\u00eancia de <strong>pontos<\/strong> (sinais curtos) e <strong>tra\u00e7os<\/strong> (sinais longos). Esse m\u00e9todo foi uma das primeiras formas digitais de transmitir <strong>dados<\/strong>, sendo amplamente utilizado na avia\u00e7\u00e3o, na marinha e por radioamadores.<\/p>\n\n\n\n<p>Cada caractere do <strong>alfabeto<\/strong> possui uma combina\u00e7\u00e3o \u00fanica de sinais, o que permite enviar <strong>mensagens<\/strong> mesmo com dispositivos simples. Por exemplo, o famoso sinal <strong>SOS<\/strong> \u00e9 representado como:<br><strong>&#8230; &#8212; &#8230;<\/strong><\/p>\n\n\n\n<p>Apesar de antigo, o c\u00f3digo Morse ainda \u00e9 \u00fatil porque \u00e9 confi\u00e1vel e pode funcionar em situa\u00e7\u00f5es onde outras formas de comunica\u00e7\u00e3o falham. No entanto, memorizar todas as combina\u00e7\u00f5es pode ser dif\u00edcil, e \u00e9 exatamente por isso que um <strong>tradutor de c\u00f3digo Morse<\/strong> se torna uma ferramenta essencial.<\/p>\n\n\n\n<p>Com um tradutor online, voc\u00ea pode converter rapidamente qualquer <strong>texto<\/strong> em c\u00f3digo Morse ou decodificar sinais sem precisar aprender tudo de cabe\u00e7a. Al\u00e9m disso, muitos tradutores permitem ouvir o <strong>som<\/strong> dos sinais, facilitando ainda mais o aprendizado.<\/p>\n\n\n\n<h3 class=\"wp-block-heading\"><strong>Converter Texto em C\u00f3digo Morse<\/strong><\/h3>\n\n\n\n<p>Converter <strong>texto em c\u00f3digo Morse<\/strong> \u00e9 um processo simples e r\u00e1pido com a ajuda de um <strong>tradutor de c\u00f3digo Morse<\/strong> online.<\/p>\n\n\n\n<p>Veja como funciona:<\/p>\n\n\n\n<ul class=\"wp-block-list\">\n<li>Digite ou cole o <strong>texto<\/strong> no campo de entrada<\/li>\n\n\n\n<li>A <strong>tradu\u00e7\u00e3o<\/strong> para c\u00f3digo Morse aparecer\u00e1 automaticamente<\/li>\n\n\n\n<li>Cada letra ser\u00e1 convertida em uma sequ\u00eancia de <strong>pontos e tra\u00e7os<\/strong><\/li>\n\n\n\n<li>Use op\u00e7\u00f5es como <strong>copiar<\/strong> para salvar ou compartilhar sua mensagem<\/li>\n\n\n\n<li>Clique em <strong>reproduzir<\/strong> para ouvir o \u00e1udio dos sinais<\/li>\n<\/ul>\n\n\n\n<p>Por exemplo:<\/p>\n\n\n\n<ul class=\"wp-block-list\">\n<li>A palavra <strong>&#8220;Ol\u00e1&#8221;<\/strong> ser\u00e1 convertida em sinais Morse equivalentes<\/li>\n\n\n\n<li>Voc\u00ea pode transformar frases completas ou at\u00e9 criar <strong>mensagens secretas<\/strong> para amigos<\/li>\n<\/ul>\n\n\n\n<p>Essa funcionalidade \u00e9 ideal para quem quer aprender o c\u00f3digo, enviar mensagens diferentes nas redes sociais ou apenas explorar uma forma cl\u00e1ssica de comunica\u00e7\u00e3o. Tudo isso pode ser feito diretamente no navegador, sem instalar nenhum <strong>software<\/strong>, com resultados instant\u00e2neos.<\/p>\n\n\n\n<h3 class=\"wp-block-heading\"><strong>Converter C\u00f3digo Morse em Texto<\/strong><\/h3>\n\n\n\n<p>Converter <strong>c\u00f3digo Morse em texto<\/strong> \u00e9 muito simples com a ajuda de um <strong>tradutor de c\u00f3digo Morse<\/strong> online. Essa fun\u00e7\u00e3o permite decodificar rapidamente qualquer sequ\u00eancia de <strong>pontos e tra\u00e7os<\/strong> em palavras compreens\u00edveis.<\/p>\n\n\n\n<p>Para usar:<\/p>\n\n\n\n<ul class=\"wp-block-list\">\n<li>Cole ou digite o <strong>c\u00f3digo Morse<\/strong> no campo de entrada<\/li>\n\n\n\n<li>A <strong>tradu\u00e7\u00e3o<\/strong> aparecer\u00e1 automaticamente no campo de <strong>texto<\/strong><\/li>\n\n\n\n<li>Cada sequ\u00eancia ser\u00e1 convertida em letras, n\u00fameros ou s\u00edmbolos<\/li>\n\n\n\n<li>Use o bot\u00e3o <strong>copiar<\/strong> para salvar o resultado<\/li>\n\n\n\n<li>Clique em <strong>reproduzir<\/strong> para ouvir o \u00e1udio da mensagem<\/li>\n<\/ul>\n\n\n\n<p>Por exemplo, o c\u00f3digo &#8230; &#8212; &#8230; ser\u00e1 traduzido como <strong>SOS<\/strong>, um dos sinais mais conhecidos no mundo. Esse tipo de convers\u00e3o \u00e9 \u00fatil para decifrar <strong>mensagens<\/strong>, estudar o sistema ou entender conte\u00fados escondidos em jogos, filmes ou desafios.<\/p>\n\n\n\n<p>Com o <strong>tradutor de c\u00f3digo Morse<\/strong>, voc\u00ea n\u00e3o precisa memorizar todas as combina\u00e7\u00f5es. Basta inserir o conte\u00fado e obter o <strong>resultado<\/strong> instantaneamente, diretamente no navegador e sem instalar nenhum <strong>software<\/strong>.<\/p>\n\n\n\n<h2 class=\"wp-block-heading\"><strong>C\u00f3digo Morse em Portugu\u00eas (Casos Especiais)<\/strong><\/h2>\n\n\n\n<p>O <strong>c\u00f3digo Morse<\/strong> segue um padr\u00e3o internacional, mas quando usado em <strong>portugu\u00eas<\/strong>, existem alguns <strong>casos especiais<\/strong> que merecem aten\u00e7\u00e3o.<\/p>\n\n\n\n<p>O alfabeto Morse foi criado principalmente para o ingl\u00eas, ent\u00e3o caracteres com acentos como:<\/p>\n\n\n\n<ul class=\"wp-block-list\">\n<li>\u00e1, \u00e0, \u00e3<\/li>\n\n\n\n<li>\u00e9, \u00ea<\/li>\n\n\n\n<li>\u00ed<\/li>\n\n\n\n<li>\u00f3, \u00f5<\/li>\n\n\n\n<li>\u00fa<\/li>\n\n\n\n<li>\u00e7<\/li>\n<\/ul>\n\n\n\n<p>podem n\u00e3o ter uma representa\u00e7\u00e3o direta no padr\u00e3o mais comum. Em muitos casos, esses caracteres s\u00e3o adaptados ou substitu\u00eddos por suas vers\u00f5es sem acento:<\/p>\n\n\n\n<ul class=\"wp-block-list\">\n<li><strong>\u00e1 \u2192 a<\/strong><\/li>\n\n\n\n<li><strong>\u00e7 \u2192 c<\/strong><\/li>\n\n\n\n<li><strong>\u00f5 \u2192 o<\/strong><\/li>\n<\/ul>\n\n\n\n<p>Alguns sistemas mais avan\u00e7ados e <strong>tradutores de c\u00f3digo Morse<\/strong> modernos oferecem suporte a caracteres especiais ou utilizam varia\u00e7\u00f5es do padr\u00e3o internacional para incluir esses s\u00edmbolos.<\/p>\n\n\n\n<p>Al\u00e9m disso, ao escrever em Morse:<\/p>\n\n\n\n<ul class=\"wp-block-list\">\n<li>As <strong>letras<\/strong> s\u00e3o separadas por espa\u00e7os<\/li>\n\n\n\n<li>As <strong>palavras<\/strong> podem ser separadas por \u201c\/\u201d ou espa\u00e7o maior<\/li>\n\n\n\n<li>Apenas <strong>pontos e tra\u00e7os<\/strong> s\u00e3o utilizados para formar os sinais<\/li>\n<\/ul>\n\n\n\n<p>Mesmo com essas adapta\u00e7\u00f5es, o c\u00f3digo Morse continua sendo uma forma eficiente de <strong>comunica\u00e7\u00e3o<\/strong>, permitindo converter facilmente frases em portugu\u00eas para sinais e vice-versa.<\/p>\n\n\n\n<p>Usar um <strong>tradutor de c\u00f3digo Morse<\/strong> facilita muito esse processo, garantindo que a <strong>tradu\u00e7\u00e3o<\/strong> seja feita corretamente, mesmo com palavras do dia a dia em portugu\u00eas.<\/p>\n\n\n\n<h2 class=\"wp-block-heading\"><strong>Alfabeto e N\u00fameros em C\u00f3digo Morse<\/strong><\/h2>\n\n\n\n<p>O <strong>c\u00f3digo Morse<\/strong> utiliza combina\u00e7\u00f5es de <strong>pontos (.)<\/strong> e <strong>tra\u00e7os (-)<\/strong> para representar cada letra do <strong>alfabeto<\/strong>, n\u00fameros e alguns sinais de pontua\u00e7\u00e3o. Esse sistema permite transformar qualquer <strong>texto<\/strong> em sinais simples que podem ser transmitidos por som, luz ou outros meios de <strong>comunica\u00e7\u00e3o<\/strong>.<\/p>\n\n\n\n<p>Cada <strong>caractere<\/strong> possui uma sequ\u00eancia \u00fanica. Por exemplo:<\/p>\n\n\n\n<ul class=\"wp-block-list\">\n<li>A = .-<\/li>\n\n\n\n<li>B = -&#8230;<\/li>\n\n\n\n<li>C = -.-.<\/li>\n\n\n\n<li>1 = .&#8212;-<\/li>\n\n\n\n<li>2 = ..&#8212;<\/li>\n\n\n\n<li>0 = &#8212;&#8211;<\/li>\n<\/ul>\n\n\n\n<p>No c\u00f3digo Morse:<\/p>\n\n\n\n<ul class=\"wp-block-list\">\n<li><strong>Pontos<\/strong> representam sinais curtos<\/li>\n\n\n\n<li><strong>Tra\u00e7os<\/strong> representam sinais longos<\/li>\n\n\n\n<li>As letras s\u00e3o separadas por espa\u00e7os<\/li>\n\n\n\n<li>As palavras podem ser separadas por \u201c\/\u201d ou pausas maiores<\/li>\n<\/ul>\n\n\n\n<p>Aprender todas as combina\u00e7\u00f5es pode ser dif\u00edcil no in\u00edcio, pois existem muitas varia\u00e7\u00f5es de <strong>letras<\/strong>, <strong>n\u00fameros<\/strong> e s\u00edmbolos. Por isso, usar um <strong>tradutor de c\u00f3digo Morse<\/strong> \u00e9 a forma mais r\u00e1pida de converter qualquer conte\u00fado sem erros.<\/p>\n\n\n\n<p>Com essa ferramenta, voc\u00ea pode inserir qualquer <strong>texto<\/strong> e obter imediatamente a <strong>tradu\u00e7\u00e3o<\/strong> correta em c\u00f3digo Morse, ou fazer o processo inverso de forma autom\u00e1tica e pr\u00e1tica.<\/p>\n\n\n\n<h3 class=\"wp-block-heading\"><strong>Exemplos Comuns em C\u00f3digo Morse<\/strong><\/h3>\n\n\n\n<p>Para facilitar o aprendizado, veja alguns exemplos populares de <strong>c\u00f3digo Morse<\/strong> usados no dia a dia:<\/p>\n\n\n\n<ul class=\"wp-block-list\">\n<li><strong>SOS<\/strong> \u2192 &#8230; &#8212; &#8230;<\/li>\n\n\n\n<li><strong>Ol\u00e1<\/strong> \u2192 &#8212; .-.. .-<\/li>\n\n\n\n<li><strong>Amor<\/strong> \u2192 .- &#8212; &#8212; .-.<\/li>\n\n\n\n<li><strong>Brasil<\/strong> \u2192 -&#8230; .-. .- &#8230; .. .-..<\/li>\n<\/ul>\n\n\n\n<p>Esses exemplos mostram como palavras comuns podem ser convertidas em sequ\u00eancias de <strong>pontos e tra\u00e7os<\/strong>.<\/p>\n\n\n\n<p>Voc\u00ea tamb\u00e9m pode usar o <strong>tradutor de c\u00f3digo Morse<\/strong> para:<\/p>\n\n\n\n<ul class=\"wp-block-list\">\n<li>Descobrir como seu <strong>nome<\/strong> fica em Morse<\/li>\n\n\n\n<li>Criar <strong>mensagens secretas<\/strong> para amigos<\/li>\n\n\n\n<li>Compartilhar c\u00f3digos em redes sociais como WhatsApp ou Telegram<\/li>\n\n\n\n<li>Praticar e memorizar o <strong>alfabeto Morse<\/strong><\/li>\n<\/ul>\n\n\n\n<p>Al\u00e9m disso, muitos tradutores permitem ouvir o <strong>\u00e1udio<\/strong> dos sinais, ajudando a entender como cada letra soa na pr\u00e1tica.<\/p>\n\n\n\n<p>Com pr\u00e1tica e o uso de um bom <strong>tradutor de c\u00f3digo Morse<\/strong>, fica muito mais f\u00e1cil aprender, traduzir e usar essa forma cl\u00e1ssica de <strong>comunica\u00e7\u00e3o<\/strong> no seu dia a dia.<\/p>\n\n\n\n<h3 class=\"wp-block-heading\"><strong>Palavras Populares (Ol\u00e1, Eu Te Amo, SOS)<\/strong><\/h3>\n\n\n\n<p>O <strong>c\u00f3digo Morse<\/strong> \u00e9 muito usado para representar palavras e <strong>mensagens<\/strong> comuns do dia a dia. Com um <strong>tradutor de c\u00f3digo Morse<\/strong>, voc\u00ea pode converter rapidamente qualquer <strong>texto<\/strong> em <strong>pontos e tra\u00e7os<\/strong> e entender como essas palavras s\u00e3o transmitidas.<\/p>\n\n\n\n<p>Veja alguns exemplos populares:<\/p>\n\n\n\n<ul class=\"wp-block-list\">\n<li><strong>SOS<\/strong> \u2192 &#8230; &#8212; &#8230;<\/li>\n\n\n\n<li><strong>Ol\u00e1<\/strong> \u2192 &#8212; .-.. .-<\/li>\n\n\n\n<li><strong>Eu te amo<\/strong> \u2192 . ..- \/ &#8211; . \/ .- &#8212; &#8212;<\/li>\n<\/ul>\n\n\n\n<p>Essas palavras s\u00e3o \u00f3timas para quem est\u00e1 come\u00e7ando, pois ajudam a entender como o <strong>alfabeto<\/strong> funciona na pr\u00e1tica. O sinal <strong>SOS<\/strong>, por exemplo, \u00e9 um dos mais conhecidos no mundo e \u00e9 usado em situa\u00e7\u00f5es de emerg\u00eancia.<\/p>\n\n\n\n<p>Com um <strong>tradutor de c\u00f3digo Morse<\/strong>, voc\u00ea pode:<\/p>\n\n\n\n<ul class=\"wp-block-list\">\n<li>Converter qualquer palavra ou frase instantaneamente<\/li>\n\n\n\n<li>Ouvir o <strong>\u00e1udio<\/strong> dos sinais para aprender mais r\u00e1pido<\/li>\n\n\n\n<li>Criar <strong>mensagens secretas<\/strong> para compartilhar com amigos<\/li>\n\n\n\n<li>Descobrir como seu nome ou frases favoritas ficam em Morse<\/li>\n<\/ul>\n\n\n\n<p>Tudo isso pode ser feito diretamente no navegador, com <strong>tradu\u00e7\u00e3o<\/strong> autom\u00e1tica e sem precisar instalar nenhum <strong>software<\/strong>.<\/p>\n\n\n\n<h3 class=\"wp-block-heading\"><strong>Espa\u00e7amento entre Letras e Palavras<\/strong><\/h3>\n\n\n\n<p>No <strong>c\u00f3digo Morse<\/strong>, o <strong>espa\u00e7amento<\/strong> \u00e9 essencial para garantir que a <strong>mensagem<\/strong> seja entendida corretamente. Sem a separa\u00e7\u00e3o adequada, os sinais podem ser confundidos.<\/p>\n\n\n\n<p>Veja como funciona:<\/p>\n\n\n\n<ul class=\"wp-block-list\">\n<li><strong>Entre pontos e tra\u00e7os<\/strong>: pequena pausa (formam uma letra)<\/li>\n\n\n\n<li><strong>Entre letras<\/strong>: espa\u00e7o curto<\/li>\n\n\n\n<li><strong>Entre palavras<\/strong>: espa\u00e7o maior ou uso de \u201c\/\u201d<\/li>\n<\/ul>\n\n\n\n<p>Exemplo:<\/p>\n\n\n\n<ul class=\"wp-block-list\">\n<li><strong>Ol\u00e1 mundo<\/strong> \u2192 &#8212; .-.. .- \/ &#8212; ..- -. -.. &#8212;<\/li>\n<\/ul>\n\n\n\n<p>Essas pausas ajudam a organizar o <strong>texto<\/strong> e tornam a leitura muito mais clara, especialmente ao ouvir o <strong>\u00e1udio<\/strong> dos sinais.<\/p>\n\n\n\n<p>Um bom <strong>tradutor de c\u00f3digo Morse<\/strong> aplica automaticamente o espa\u00e7amento correto, evitando erros e garantindo uma <strong>tradu\u00e7\u00e3o<\/strong> precisa. Al\u00e9m disso, ele permite copiar, reproduzir ou at\u00e9 baixar o resultado para usar em diferentes situa\u00e7\u00f5es, como estudos, jogos ou comunica\u00e7\u00e3o criativa.<\/p>\n\n\n\n<h3 class=\"wp-block-heading\"><strong>Pontos, Tra\u00e7os e Tempo<\/strong><\/h3>\n\n\n\n<p>No <strong>c\u00f3digo Morse<\/strong>, tudo \u00e9 baseado em tr\u00eas elementos principais: <strong>pontos<\/strong>, <strong>tra\u00e7os<\/strong> e o <strong>tempo<\/strong> entre os sinais. Entender esses conceitos \u00e9 essencial para ler, escrever e interpretar corretamente qualquer <strong>mensagem<\/strong>.<\/p>\n\n\n\n<ul class=\"wp-block-list\">\n<li><strong>Ponto (.)<\/strong>: sinal curto e r\u00e1pido<\/li>\n\n\n\n<li><strong>Tra\u00e7o (-)<\/strong>: sinal mais longo (geralmente 3 vezes o tempo do ponto)<\/li>\n\n\n\n<li><strong>Tempo<\/strong>: pausas que separam sinais, letras e palavras<\/li>\n<\/ul>\n\n\n\n<p>A dura\u00e7\u00e3o dos sinais segue um padr\u00e3o:<\/p>\n\n\n\n<ul class=\"wp-block-list\">\n<li>1 unidade de tempo \u2192 ponto<\/li>\n\n\n\n<li>3 unidades \u2192 tra\u00e7o<\/li>\n\n\n\n<li>1 unidade \u2192 pausa entre partes da mesma letra<\/li>\n\n\n\n<li>3 unidades \u2192 pausa entre letras<\/li>\n\n\n\n<li>7 unidades \u2192 pausa entre palavras<\/li>\n<\/ul>\n\n\n\n<p>Esse ritmo \u00e9 muito importante, principalmente ao ouvir o <strong>\u00e1udio<\/strong> do c\u00f3digo Morse. Sem o tempo correto, a <strong>comunica\u00e7\u00e3o<\/strong> pode ficar confusa.<\/p>\n\n\n\n<p>Com um <strong>tradutor de c\u00f3digo Morse<\/strong>, voc\u00ea pode n\u00e3o s\u00f3 ver os <strong>pontos e tra\u00e7os<\/strong>, mas tamb\u00e9m ouvir o som real dos sinais, o que ajuda bastante no aprendizado e na pr\u00e1tica.<\/p>\n\n\n\n<h2 class=\"wp-block-heading\"><strong>Como Aprender C\u00f3digo Morse Mais R\u00e1pido<\/strong><\/h2>\n\n\n\n<p>Aprender <strong>c\u00f3digo Morse<\/strong> pode parecer dif\u00edcil no come\u00e7o, mas com as estrat\u00e9gias certas e o uso de um <strong>tradutor de c\u00f3digo Morse<\/strong>, o processo fica muito mais simples e r\u00e1pido.<\/p>\n\n\n\n<p>Aqui est\u00e3o algumas dicas pr\u00e1ticas:<\/p>\n\n\n\n<h3 class=\"wp-block-heading\"><strong>1. Comece com palavras comuns<\/strong><\/h3>\n\n\n\n<p>Aprenda sinais b\u00e1sicos como <strong>SOS<\/strong>, nomes ou palavras simples. Isso ajuda a memorizar padr\u00f5es de <strong>pontos e tra\u00e7os<\/strong> mais rapidamente.<\/p>\n\n\n\n<h3 class=\"wp-block-heading\"><strong>2. Use um tradutor online<\/strong><\/h3>\n\n\n\n<p>Um <strong>tradutor de c\u00f3digo Morse<\/strong> permite converter <strong>texto<\/strong> em Morse e vice-versa instantaneamente. Assim, voc\u00ea pode praticar todos os dias sem precisar decorar tudo de uma vez.<\/p>\n\n\n\n<h3 class=\"wp-block-heading\"><strong>3. Pratique com \u00e1udio<\/strong><\/h3>\n\n\n\n<p>Ouvir o <strong>som<\/strong> dos sinais \u00e9 uma das melhores formas de aprender. Use a fun\u00e7\u00e3o de <strong>reproduzir \u00e1udio<\/strong> para treinar o reconhecimento dos sinais.<\/p>\n\n\n\n<h3 class=\"wp-block-heading\"><strong>4. Divida o aprendizado<\/strong><\/h3>\n\n\n\n<p>Aprenda primeiro o <strong>alfabeto<\/strong>, depois os <strong>n\u00fameros<\/strong> e, por fim, frases completas. Isso facilita a memoriza\u00e7\u00e3o.<\/p>\n\n\n\n<h3 class=\"wp-block-heading\"><strong>5. Use no dia a dia<\/strong><\/h3>\n\n\n\n<p>Tente criar <strong>mensagens<\/strong> secretas, compartilhar c\u00f3digos com amigos ou escrever palavras comuns em Morse. Isso torna o aprendizado mais divertido.<\/p>\n\n\n\n<h3 class=\"wp-block-heading\"><strong>6. Seja consistente<\/strong><\/h3>\n\n\n\n<p>Praticar alguns minutos por dia j\u00e1 faz grande diferen\u00e7a. Com o tempo, voc\u00ea reconhecer\u00e1 padr\u00f5es automaticamente.<\/p>\n\n\n\n<p>Com pr\u00e1tica e o apoio de ferramentas modernas, como um <strong>tradutor de c\u00f3digo Morse<\/strong>, qualquer pessoa pode aprender essa forma cl\u00e1ssica de <strong>comunica\u00e7\u00e3o<\/strong> de maneira r\u00e1pida, pr\u00e1tica e eficiente.<\/p>\n","protected":false},"excerpt":{"rendered":"<p>O tradutor de c\u00f3digo Morse \u00e9 uma ferramenta online simples e pr\u00e1tica que permite converter qualquer texto em c\u00f3digo Morse e tamb\u00e9m fazer o processo inverso. Com apenas alguns cliques, voc\u00ea pode transformar palavras, frases ou at\u00e9 mensagens completas em uma sequ\u00eancia de pontos e tra\u00e7os, ou decodificar sinais em texto leg\u00edvel. Essa ferramenta funciona &#8230; <a title=\"Tradutor de C\u00f3digo Morse: Traduzir, Ler e Aprender C\u00f3digo Morse\" class=\"read-more\" href=\"https:\/\/codigomorse.app\/pt\/\" aria-label=\"Read more about Tradutor de C\u00f3digo Morse: Traduzir, Ler e Aprender C\u00f3digo Morse\">Ler mais<\/a><\/p>\n","protected":false},"author":1,"featured_media":0,"parent":0,"menu_order":0,"comment_status":"closed","ping_status":"closed","template":"","meta":{"footnotes":""},"class_list":["post-9","page","type-page","status-publish"],"_links":{"self":[{"href":"https:\/\/codigomorse.app\/pt\/wp-json\/wp\/v2\/pages\/9","targetHints":{"allow":["GET"]}}],"collection":[{"href":"https:\/\/codigomorse.app\/pt\/wp-json\/wp\/v2\/pages"}],"about":[{"href":"https:\/\/codigomorse.app\/pt\/wp-json\/wp\/v2\/types\/page"}],"author":[{"embeddable":true,"href":"https:\/\/codigomorse.app\/pt\/wp-json\/wp\/v2\/users\/1"}],"replies":[{"embeddable":true,"href":"https:\/\/codigomorse.app\/pt\/wp-json\/wp\/v2\/comments?post=9"}],"version-history":[{"count":3,"href":"https:\/\/codigomorse.app\/pt\/wp-json\/wp\/v2\/pages\/9\/revisions"}],"predecessor-version":[{"id":15,"href":"https:\/\/codigomorse.app\/pt\/wp-json\/wp\/v2\/pages\/9\/revisions\/15"}],"wp:attachment":[{"href":"https:\/\/codigomorse.app\/pt\/wp-json\/wp\/v2\/media?parent=9"}],"curies":[{"name":"wp","href":"https:\/\/api.w.org\/{rel}","templated":true}]}}