{"id":23,"date":"2026-04-20T12:12:26","date_gmt":"2026-04-20T12:12:26","guid":{"rendered":"https:\/\/codigomorse.app\/pt\/?page_id=23"},"modified":"2026-04-20T12:12:26","modified_gmt":"2026-04-20T12:12:26","slug":"contato","status":"publish","type":"page","link":"https:\/\/codigomorse.app\/pt\/contato\/","title":{"rendered":"Contato"},"content":{"rendered":"\n<p>Se voc\u00ea tiver d\u00favidas, sugest\u00f5es ou precisar de ajuda com o nosso <strong>tradutor de c\u00f3digo Morse<\/strong>, estamos aqui para ajudar.<\/p>\n\n\n\n<p>Valorizamos o seu feedback e trabalhamos constantemente para melhorar a experi\u00eancia da nossa ferramenta. Seja para relatar um problema, sugerir novos recursos ou simplesmente entrar em contato, voc\u00ea pode falar conosco a qualquer momento.<\/p>\n\n\n\n<h3 class=\"wp-block-heading\">Como entrar em contato<\/h3>\n\n\n\n<p>Voc\u00ea pode nos enviar uma mensagem atrav\u00e9s dos seguintes meios:<\/p>\n\n\n\n<ul class=\"wp-block-list\">\n<li>\ud83c\udf10 <strong>Formul\u00e1rio de contato:<\/strong> dispon\u00edvel nesta p\u00e1gina<\/li>\n\n\n\n<li>\ud83d\udcac <strong>Redes sociais:<\/strong> envie uma mensagem direta em nossas plataformas<\/li>\n<\/ul>\n\n\n\n<h3 class=\"wp-block-heading\">Suporte ao usu\u00e1rio<\/h3>\n\n\n\n<p>Se voc\u00ea estiver com dificuldades ao usar o tradutor, recomendamos:<\/p>\n\n\n\n<ul class=\"wp-block-list\">\n<li>Verificar se o texto ou c\u00f3digo Morse foi inserido corretamente<\/li>\n\n\n\n<li>Conferir as configura\u00e7\u00f5es da ferramenta<\/li>\n\n\n\n<li>Testar em outro navegador ou dispositivo<\/li>\n<\/ul>\n\n\n\n<p>Nossa ferramenta foi projetada para funcionar em qualquer navegador e sistema operacional, garantindo praticidade e acesso f\u00e1cil de qualquer lugar.<\/p>\n\n\n\n<h3 class=\"wp-block-heading\">Tempo de resposta<\/h3>\n\n\n\n<p>Nos esfor\u00e7amos para responder todas as mensagens o mais r\u00e1pido poss\u00edvel, geralmente dentro de 24 a 48 horas.<\/p>\n","protected":false},"excerpt":{"rendered":"<p>Se voc\u00ea tiver d\u00favidas, sugest\u00f5es ou precisar de ajuda com o nosso tradutor de c\u00f3digo Morse, estamos aqui para ajudar. Valorizamos o seu feedback e trabalhamos constantemente para melhorar a experi\u00eancia da nossa ferramenta. Seja para relatar um problema, sugerir novos recursos ou simplesmente entrar em contato, voc\u00ea pode falar conosco a qualquer momento. Como &#8230; <a title=\"Contato\" class=\"read-more\" href=\"https:\/\/codigomorse.app\/pt\/contato\/\" aria-label=\"Read more about Contato\">Ler mais<\/a><\/p>\n","protected":false},"author":1,"featured_media":0,"parent":0,"menu_order":0,"comment_status":"closed","ping_status":"closed","template":"","meta":{"footnotes":""},"class_list":["post-23","page","type-page","status-publish"],"_links":{"self":[{"href":"https:\/\/codigomorse.app\/pt\/wp-json\/wp\/v2\/pages\/23","targetHints":{"allow":["GET"]}}],"collection":[{"href":"https:\/\/codigomorse.app\/pt\/wp-json\/wp\/v2\/pages"}],"about":[{"href":"https:\/\/codigomorse.app\/pt\/wp-json\/wp\/v2\/types\/page"}],"author":[{"embeddable":true,"href":"https:\/\/codigomorse.app\/pt\/wp-json\/wp\/v2\/users\/1"}],"replies":[{"embeddable":true,"href":"https:\/\/codigomorse.app\/pt\/wp-json\/wp\/v2\/comments?post=23"}],"version-history":[{"count":1,"href":"https:\/\/codigomorse.app\/pt\/wp-json\/wp\/v2\/pages\/23\/revisions"}],"predecessor-version":[{"id":24,"href":"https:\/\/codigomorse.app\/pt\/wp-json\/wp\/v2\/pages\/23\/revisions\/24"}],"wp:attachment":[{"href":"https:\/\/codigomorse.app\/pt\/wp-json\/wp\/v2\/media?parent=23"}],"curies":[{"name":"wp","href":"https:\/\/api.w.org\/{rel}","templated":true}]}}