{"id":19,"date":"2026-04-20T12:11:04","date_gmt":"2026-04-20T12:11:04","guid":{"rendered":"https:\/\/codigomorse.app\/pt\/?page_id=19"},"modified":"2026-04-20T12:11:05","modified_gmt":"2026-04-20T12:11:05","slug":"sobre-nos","status":"publish","type":"page","link":"https:\/\/codigomorse.app\/pt\/sobre-nos\/","title":{"rendered":"Sobre N\u00f3s"},"content":{"rendered":"\n<p><strong>Page Content:<\/strong><\/p>\n\n\n\n<p>Bem-vindo ao nosso site de <strong>tradutor de c\u00f3digo Morse<\/strong>, uma plataforma simples e eficiente criada para ajudar qualquer pessoa a converter texto em c\u00f3digo Morse e vice-versa de forma r\u00e1pida e intuitiva.<\/p>\n\n\n\n<p>Nosso objetivo \u00e9 tornar o aprendizado e o uso do c\u00f3digo Morse acess\u00edveis a todos \u2014 desde iniciantes curiosos at\u00e9 entusiastas e profissionais que utilizam essa forma de comunica\u00e7\u00e3o no dia a dia. O c\u00f3digo Morse \u00e9 um dos primeiros m\u00e9todos digitais de transmiss\u00e3o de dados, baseado em combina\u00e7\u00f5es de <strong>pontos e tra\u00e7os<\/strong>, e ainda hoje \u00e9 utilizado em \u00e1reas como avia\u00e7\u00e3o, marinha e radioamadorismo .<\/p>\n\n\n\n<p>Criamos esta ferramenta para resolver um problema comum: a dificuldade de memorizar todas as combina\u00e7\u00f5es do alfabeto Morse. Com o nosso tradutor, voc\u00ea pode:<\/p>\n\n\n\n<ul class=\"wp-block-list\">\n<li>Converter <strong>texto em c\u00f3digo Morse<\/strong> instantaneamente<\/li>\n\n\n\n<li>Traduzir <strong>c\u00f3digo Morse em texto<\/strong> de forma autom\u00e1tica<\/li>\n\n\n\n<li>Ouvir o <strong>\u00e1udio dos sinais<\/strong> para melhor aprendizado<\/li>\n\n\n\n<li>Copiar e compartilhar mensagens facilmente<\/li>\n\n\n\n<li>Usar a ferramenta em qualquer dispositivo, sem necessidade de instala\u00e7\u00e3o<\/li>\n<\/ul>\n\n\n\n<p>Nossa plataforma funciona diretamente no navegador, garantindo praticidade e rapidez. Basta inserir o conte\u00fado desejado, e o resultado aparece imediatamente, facilitando tanto o aprendizado quanto o uso pr\u00e1tico .<\/p>\n\n\n\n<p>Al\u00e9m disso, acreditamos que o c\u00f3digo Morse n\u00e3o \u00e9 apenas uma ferramenta t\u00e9cnica, mas tamb\u00e9m uma forma criativa de comunica\u00e7\u00e3o. Voc\u00ea pode utiliz\u00e1-lo para enviar mensagens secretas, personalizar conte\u00fados ou simplesmente explorar uma das linguagens mais interessantes da hist\u00f3ria.<\/p>\n\n\n\n<p>Estamos sempre trabalhando para melhorar a experi\u00eancia do usu\u00e1rio, adicionando novos recursos e mantendo a ferramenta simples, r\u00e1pida e confi\u00e1vel.<\/p>\n\n\n\n<p>Seja para estudo, curiosidade ou uso profissional, nosso tradutor de c\u00f3digo Morse est\u00e1 aqui para ajudar<\/p>\n","protected":false},"excerpt":{"rendered":"<p>Page Content: Bem-vindo ao nosso site de tradutor de c\u00f3digo Morse, uma plataforma simples e eficiente criada para ajudar qualquer pessoa a converter texto em c\u00f3digo Morse e vice-versa de forma r\u00e1pida e intuitiva. Nosso objetivo \u00e9 tornar o aprendizado e o uso do c\u00f3digo Morse acess\u00edveis a todos \u2014 desde iniciantes curiosos at\u00e9 entusiastas &#8230; <a title=\"Sobre N\u00f3s\" class=\"read-more\" href=\"https:\/\/codigomorse.app\/pt\/sobre-nos\/\" aria-label=\"Read more about Sobre N\u00f3s\">Ler mais<\/a><\/p>\n","protected":false},"author":1,"featured_media":0,"parent":0,"menu_order":0,"comment_status":"closed","ping_status":"closed","template":"","meta":{"footnotes":""},"class_list":["post-19","page","type-page","status-publish"],"_links":{"self":[{"href":"https:\/\/codigomorse.app\/pt\/wp-json\/wp\/v2\/pages\/19","targetHints":{"allow":["GET"]}}],"collection":[{"href":"https:\/\/codigomorse.app\/pt\/wp-json\/wp\/v2\/pages"}],"about":[{"href":"https:\/\/codigomorse.app\/pt\/wp-json\/wp\/v2\/types\/page"}],"author":[{"embeddable":true,"href":"https:\/\/codigomorse.app\/pt\/wp-json\/wp\/v2\/users\/1"}],"replies":[{"embeddable":true,"href":"https:\/\/codigomorse.app\/pt\/wp-json\/wp\/v2\/comments?post=19"}],"version-history":[{"count":1,"href":"https:\/\/codigomorse.app\/pt\/wp-json\/wp\/v2\/pages\/19\/revisions"}],"predecessor-version":[{"id":20,"href":"https:\/\/codigomorse.app\/pt\/wp-json\/wp\/v2\/pages\/19\/revisions\/20"}],"wp:attachment":[{"href":"https:\/\/codigomorse.app\/pt\/wp-json\/wp\/v2\/media?parent=19"}],"curies":[{"name":"wp","href":"https:\/\/api.w.org\/{rel}","templated":true}]}}